{"id":1160,"date":"2019-08-14T19:29:43","date_gmt":"2019-08-14T19:29:43","guid":{"rendered":"https:\/\/elearning.xubio.com\/empresas-arg\/"},"modified":"2024-02-01T18:54:00","modified_gmt":"2024-02-01T18:54:00","slug":"empresas-arg","status":"publish","type":"page","link":"https:\/\/elearning.xubio.com\/mx\/","title":{"rendered":"Empresas"},"content":{"rendered":"<p><div class=\"fusion-fullwidth fullwidth-box fusion-builder-row-1 fusion-parallax-none nonhundred-percent-fullwidth non-hundred-percent-height-scrolling fusion-no-small-visibility\" style=\"background-color: rgba(255,255,255,0);background-image: url(&quot;https:\/\/elearning.xubio.com\/wp-content\/uploads\/2019\/10\/encabezado_home_xubio_capacitacion.jpg&quot;);background-position: center top;background-repeat: no-repeat;padding-top:100px;padding-right:0px;padding-bottom:100px;padding-left:0px;margin-bottom: 0px;margin-top: 0px;border-width: 0px 0px 0px 0px;border-color:#eae9e9;border-style:solid;-webkit-background-size:cover;-moz-background-size:cover;-o-background-size:cover;background-size:cover;\" ><div class=\"fusion-builder-row fusion-row\"><div class=\"fusion-layout-column fusion_builder_column fusion-builder-column-0 fusion_builder_column_2_3 2_3 fusion-two-third fusion-column-first\" style=\"width:66.666666666667%;width:calc(66.666666666667% - ( ( 4% ) * 0.66666666666667 ) );margin-right: 4%;margin-top:0px;margin-bottom:20px;\"><div class=\"fusion-column-wrapper fusion-flex-column-wrapper-legacy\" style=\"background-position:left top;background-repeat:no-repeat;-webkit-background-size:cover;-moz-background-size:cover;-o-background-size:cover;background-size:cover;padding: 0px 0px 0px 0px;\"><style type=\"text\/css\"><\/style><div class=\"fusion-title title fusion-title-1 fusion-sep-none fusion-title-text fusion-title-size-one\" style=\"margin-top:0px;margin-bottom:31px;\"><h1 class=\"title-heading-left\" style=\"margin:0;color:#ffffff;\">Aprende a usar Xubio,<br \/>\nf\u00e1cil y r\u00e1pido<\/h1><\/div><div class=\"fusion-clearfix\"><\/div><\/div><\/div><\/div><\/div><div class=\"fusion-fullwidth fullwidth-box fusion-builder-row-2 fusion-parallax-none nonhundred-percent-fullwidth non-hundred-percent-height-scrolling fusion-no-medium-visibility fusion-no-large-visibility\" style=\"background-color: rgba(255,255,255,0);background-image: url(&quot;https:\/\/elearning.xubio.com\/wp-content\/uploads\/2019\/10\/encabezado_home_xubio_capacitacion.jpg&quot;);background-position: right top;background-repeat: no-repeat;padding-top:100px;padding-right:0px;padding-bottom:100px;padding-left:0px;margin-bottom: 0px;margin-top: 0px;border-width: 0px 0px 0px 0px;border-color:#eae9e9;border-style:solid;-webkit-background-size:cover;-moz-background-size:cover;-o-background-size:cover;background-size:cover;\" ><div class=\"fusion-builder-row fusion-row\"><div class=\"fusion-layout-column fusion_builder_column fusion-builder-column-1 fusion_builder_column_1_1 1_1 fusion-one-full fusion-column-first fusion-column-last\" style=\"margin-top:0px;margin-bottom:20px;\"><div class=\"fusion-column-wrapper fusion-flex-column-wrapper-legacy\" style=\"background-position:left top;background-repeat:no-repeat;-webkit-background-size:cover;-moz-background-size:cover;-o-background-size:cover;background-size:cover;padding: 0px 0px 0px 0px;\"><style type=\"text\/css\"><\/style><div class=\"fusion-title title fusion-title-2 fusion-sep-none fusion-title-center fusion-title-text fusion-title-size-one\" style=\"margin-top:0px;margin-bottom:31px;\"><h1 class=\"title-heading-center\" style=\"margin:0;color:#ffffff;\"><p>Aprende a usar Xubio,<br \/>\nf\u00e1cil y r\u00e1pido<\/p><\/h1><\/div><div class=\"fusion-clearfix\"><\/div><\/div><\/div><\/div><\/div><div class=\"fusion-fullwidth fullwidth-box fusion-builder-row-3 nonhundred-percent-fullwidth non-hundred-percent-height-scrolling\" style=\"background-color: rgba(255,255,255,0);background-position: center center;background-repeat: no-repeat;padding-top:0px;padding-right:0px;padding-bottom:0px;padding-left:0px;margin-bottom: 50px;margin-top: 50px;border-width: 0px 0px 0px 0px;border-color:#eae9e9;border-style:solid;\" ><div class=\"fusion-builder-row fusion-row\"><div class=\"fusion-layout-column fusion_builder_column fusion-builder-column-2 fusion_builder_column_1_1 1_1 fusion-one-full fusion-column-first fusion-column-last\" style=\"margin-top:0px;margin-bottom:20px;\"><div class=\"fusion-column-wrapper fusion-flex-column-wrapper-legacy\" style=\"background-position:left top;background-repeat:no-repeat;-webkit-background-size:cover;-moz-background-size:cover;-o-background-size:cover;background-size:cover;padding: 0px 0px 0px 0px;\"><style type=\"text\/css\"><\/style><div class=\"fusion-title title fusion-title-3 fusion-sep-none fusion-title-center fusion-title-text fusion-title-size-two\" style=\"margin-top:0px;margin-bottom:31px;\"><h2 class=\"title-heading-center\" style=\"margin:0;\"><p style=\"text-align: center;\"><strong>TIPO DE USUARIO<\/strong><\/p><\/h2><\/div><div class=\"fusion-clearfix\"><\/div><\/div><\/div><div class=\"fusion-layout-column fusion_builder_column fusion-builder-column-3 fusion_builder_column_1_2 1_2 fusion-one-half fusion-column-first fusion-column-inner-bg-wrapper\" style=\"width:50%;width:calc(50% - ( ( 4% ) * 0.5 ) );margin-right: 4%;margin-top:0px;margin-bottom:20px;\"><div class=\"fusion-column-wrapper fusion-column-has-shadow fusion-flex-column-wrapper-legacy\" style=\"border-width: 2px 2px 2px 2px;border-color:#efefef;border-style:solid;box-shadow:0px 0px #efefef;;padding: 0px 0px 0px 0px;\"><div class=\"imageframe-align-center\"><span class=\" fusion-imageframe imageframe-none imageframe-1 hover-type-none\"><img decoding=\"async\" width=\"352\" height=\"230\" title=\"empresas1-mixto\" src=\"https:\/\/elearning.xubio.com\/wp-content\/uploads\/2024\/02\/empresas1-mixto.jpg\" class=\"img-responsive wp-image-2007\" srcset=\"https:\/\/elearning.xubio.com\/wp-content\/uploads\/2024\/02\/empresas1-mixto-200x131.jpg 200w, https:\/\/elearning.xubio.com\/wp-content\/uploads\/2024\/02\/empresas1-mixto.jpg 352w\" sizes=\"(max-width: 800px) 100vw, 352px\" \/><\/span><\/div><div class=\"fusion-text fusion-text-1\" style=\"font-size:20px;transform:translate3d(0,0,0);\"><p style=\"text-align: center;\"><strong><br \/>\nEMPRESA \/ EMPRENDEDOR<\/strong><\/p>\n<\/div><div class=\"fusion-clearfix\"><\/div><\/div><span class=\"fusion-column-inner-bg hover-type-zoomin\"><a href=\"https:\/\/elearning.xubio.com\/mx\/empresas\/\"><span class=\"fusion-column-inner-bg-image\" style=\"background-color:#ffffff;background-position:left top;background-repeat:no-repeat;-webkit-background-size:cover;-moz-background-size:cover;-o-background-size:cover;background-size:cover;\"><\/span><\/a><\/span><\/div><style type=\"text\/css\">.fusion-builder-column-3{filter: brightness(100%) invert(0%);transition: filter 0.3s ease;}.fusion-builder-column-3:hover{filter: brightness(123%) invert(5%);}<\/style><div class=\"fusion-layout-column fusion_builder_column fusion-builder-column-4 fusion_builder_column_1_2 1_2 fusion-one-half fusion-column-last fusion-column-inner-bg-wrapper\" style=\"width:50%;width:calc(50% - ( ( 4% ) * 0.5 ) );margin-top:0px;margin-bottom:20px;\"><div class=\"fusion-column-wrapper fusion-column-has-shadow fusion-flex-column-wrapper-legacy\" style=\"border-width: 2px 2px 2px 2px;border-color:#efefef;border-style:solid;box-shadow:0px 0px #efefef;;padding: 0px 0px 0px 0px;\"><div class=\"imageframe-align-center\"><span class=\" fusion-imageframe imageframe-none imageframe-2 hover-type-none\"><img decoding=\"async\" width=\"352\" height=\"230\" title=\"contador\" src=\"https:\/\/elearning.xubio.com\/wp-content\/uploads\/2024\/02\/contador.jpeg\" class=\"img-responsive wp-image-2014\" srcset=\"https:\/\/elearning.xubio.com\/wp-content\/uploads\/2024\/02\/contador-200x131.jpeg 200w, https:\/\/elearning.xubio.com\/wp-content\/uploads\/2024\/02\/contador.jpeg 352w\" sizes=\"(max-width: 800px) 100vw, 352px\" \/><\/span><\/div><div class=\"fusion-text fusion-text-2\" style=\"font-size:20px;transform:translate3d(0,0,0);\"><p style=\"text-align: center;\"><strong><br \/>\nCONTADOR<\/strong><\/p>\n<\/div><div class=\"fusion-clearfix\"><\/div><\/div><span class=\"fusion-column-inner-bg hover-type-zoomin\"><a href=\"https:\/\/elearning.xubio.com\/mx\/contadores\/\"><span class=\"fusion-column-inner-bg-image\" style=\"background-color:#ffffff;background-position:left top;background-repeat:no-repeat;-webkit-background-size:cover;-moz-background-size:cover;-o-background-size:cover;background-size:cover;\"><\/span><\/a><\/span><\/div><style type=\"text\/css\">.fusion-builder-column-4{filter: brightness(100%) invert(0%);transition: filter 0.3s ease;}.fusion-builder-column-4:hover{filter: brightness(123%) invert(5%);}<\/style><\/div><\/div><div class=\"fusion-fullwidth fullwidth-box fusion-builder-row-4 nonhundred-percent-fullwidth non-hundred-percent-height-scrolling\" style=\"background-color: #333d4c;background-position: center center;background-repeat: no-repeat;padding-top:0px;padding-right:0px;padding-bottom:0px;padding-left:0px;margin-bottom: 0px;margin-top: 0px;border-width: 0px 0px 0px 0px;border-color:#eae9e9;border-style:solid;\" ><div class=\"fusion-builder-row fusion-row\"><div class=\"fusion-layout-column fusion_builder_column fusion-builder-column-5 fusion_builder_column_1_1 1_1 fusion-one-full fusion-column-first fusion-column-last\" style=\"margin-top:0px;margin-bottom:20px;\"><div class=\"fusion-column-wrapper fusion-flex-column-wrapper-legacy\" style=\"background-position:left top;background-repeat:no-repeat;-webkit-background-size:cover;-moz-background-size:cover;-o-background-size:cover;background-size:cover;padding: 0px 0px 0px 0px;\"><div class=\"fusion-text fusion-text-3\" style=\"transform:translate3d(0,0,0);\"><div class=\"fusion-fullwidth fullwidth-box fusion-builder-row-4-1 nonhundred-percent-fullwidth non-hundred-percent-height-scrolling\" style=\"background-color: #333d4c;background-position: center center;background-repeat: no-repeat;padding-top:40px;padding-right:0px;padding-bottom:10px;padding-left:0px;margin-bottom: 0px;margin-top: 0px;border-width: 0px 0px 0px 0px;border-color:#eae9e9;border-style:solid;\" ><div class=\"fusion-builder-row fusion-row\"><div class=\"fusion-layout-column fusion_builder_column fusion-builder-column-6 fusion_builder_column_2_5 2_5 fusion-two-fifth fusion-column-first\" style=\"width:40%;width:calc(40% - ( ( 4% + 4% + 4% ) * 0.4 ) );margin-right: 4%;margin-top:0px;margin-bottom:20px;\"><div class=\"fusion-column-wrapper fusion-flex-column-wrapper-legacy\" style=\"background-position:left top;background-repeat:no-repeat;-webkit-background-size:cover;-moz-background-size:cover;-o-background-size:cover;background-size:cover;padding: 0px 0px 0px 0px;\"><span class=\" fusion-imageframe imageframe-none imageframe-3 hover-type-none\" style=\"margin-right:25px;float:left;width:100%;max-width:300px;\"><img decoding=\"async\" width=\"400\" height=\"105\" title=\"logo_xubio_header_retina_\" src=\"https:\/\/elearning.xubio.com\/wp-content\/uploads\/2023\/09\/logo_xubio_header_retina_.png\" class=\"img-responsive wp-image-1847\" srcset=\"https:\/\/elearning.xubio.com\/wp-content\/uploads\/2023\/09\/logo_xubio_header_retina_-200x53.png 200w, https:\/\/elearning.xubio.com\/wp-content\/uploads\/2023\/09\/logo_xubio_header_retina_.png 400w\" sizes=\"(max-width: 800px) 100vw, 400px\" \/><\/span><div class=\"fusion-clearfix\"><\/div><\/div><\/div><div class=\"fusion-layout-column fusion_builder_column fusion-builder-column-7 fusion_builder_column_1_5 1_5 fusion-one-fifth\" style=\"width:20%;width:calc(20% - ( ( 4% + 4% + 4% ) * 0.2 ) );margin-right: 4%;margin-top:0px;margin-bottom:20px;\"><div class=\"fusion-column-wrapper fusion-flex-column-wrapper-legacy\" style=\"background-position:left top;background-repeat:no-repeat;-webkit-background-size:cover;-moz-background-size:cover;-o-background-size:cover;background-size:cover;padding: 0px 0px 0px 0px;\"><div class=\"fusion-text fusion-text-3 textlinkfooter\" style=\"transform:translate3d(0,0,0);\"><p><a href=\"https:\/\/xubio.com\/mx\/como-funciona\" target=\"_blank\" rel=\"noopener noreferrer\">\u00bfC\u00f3mo funciona?<\/a><br \/>\n<a href=\"https:\/\/xubio.com\/mx\/precios\" target=\"_blank\" rel=\"noopener noreferrer\">Precios<\/a><\/p>\n<\/div><div class=\"fusion-clearfix\"><\/div><\/div><\/div><div class=\"fusion-layout-column fusion_builder_column fusion-builder-column-8 fusion_builder_column_1_5 1_5 fusion-one-fifth\" style=\"width:20%;width:calc(20% - ( ( 4% + 4% + 4% ) * 0.2 ) );margin-right: 4%;margin-top:0px;margin-bottom:20px;\"><div class=\"fusion-column-wrapper fusion-flex-column-wrapper-legacy\" style=\"background-position:left top;background-repeat:no-repeat;-webkit-background-size:cover;-moz-background-size:cover;-o-background-size:cover;background-size:cover;padding: 0px 0px 0px 0px;\"><div class=\"fusion-text fusion-text-4 textlinkfooter\" style=\"transform:translate3d(0,0,0);\"><p><a href=\"https:\/\/xubio.com\/mx\/contadores\" target=\"_blank\" rel=\"noopener noreferrer\">Contadores<\/a><br \/>\n<a href=\"https:\/\/xubio.com\/mx\/contacto\" target=\"_blank\" rel=\"noopener noreferrer\">Contacto<\/a><\/p>\n<\/div><div class=\"fusion-clearfix\"><\/div><\/div><\/div><div class=\"fusion-layout-column fusion_builder_column fusion-builder-column-9 fusion_builder_column_1_5 1_5 fusion-one-fifth fusion-column-last\" style=\"width:20%;width:calc(20% - ( ( 4% + 4% + 4% ) * 0.2 ) );margin-top:0px;margin-bottom:20px;\"><div class=\"fusion-column-wrapper fusion-flex-column-wrapper-legacy\" style=\"background-position:left top;background-repeat:no-repeat;-webkit-background-size:cover;-moz-background-size:cover;-o-background-size:cover;background-size:cover;padding: 0px 0px 0px 0px;\"><div class=\"fusion-text fusion-text-5 textlinkfooter\" style=\"transform:translate3d(0,0,0);\"><\/div><div class=\"fusion-clearfix\"><\/div><\/div><\/div><div class=\"fusion-layout-column fusion_builder_column fusion-builder-column-10 fusion_builder_column_1_1 1_1 fusion-one-full fusion-column-first fusion-column-last\" style=\"margin-top:0px;margin-bottom:20px;\"><div class=\"fusion-column-wrapper fusion-flex-column-wrapper-legacy\" style=\"background-position:left top;background-repeat:no-repeat;-webkit-background-size:cover;-moz-background-size:cover;-o-background-size:cover;background-size:cover;padding: 0px 0px 0px 0px;\"><div class=\"fusion-sep-clear\"><\/div><div class=\"fusion-separator fusion-full-width-sep\" style=\"margin-left: auto;margin-right: auto;margin-top:20px;margin-bottom:20px;width:100%;\"><\/div><div class=\"fusion-sep-clear\"><\/div><div class=\"fusion-clearfix\"><\/div><\/div><\/div><div class=\"fusion-layout-column fusion_builder_column fusion-builder-column-11 fusion_builder_column_2_3 2_3 fusion-two-third fusion-column-first\" style=\"width:66.666666666667%;width:calc(66.666666666667% - ( ( 4% ) * 0.66666666666667 ) );margin-right: 4%;margin-top:0px;margin-bottom:20px;\"><div class=\"fusion-column-wrapper fusion-flex-column-wrapper-legacy\" style=\"background-position:left top;background-repeat:no-repeat;-webkit-background-size:cover;-moz-background-size:cover;-o-background-size:cover;background-size:cover;padding: 0px 0px 0px 0px;\"><div class=\"fusion-builder-row fusion-builder-row-inner fusion-row\"><div class=\"fusion-layout-column fusion_builder_column_inner fusion-builder-nested-column-0 fusion_builder_column_inner_1_6 1_6 fusion-one-sixth fusion-column-first\" style=\"width:16.666666666667%;width:calc(16.666666666667% - ( ( 4% ) * 0.16666666666667 ) );margin-right: 4%;margin-top:0px;margin-bottom:20px;\"><div class=\"fusion-column-wrapper fusion-flex-column-wrapper-legacy\" style=\"background-position:left top;background-repeat:no-repeat;-webkit-background-size:cover;-moz-background-size:cover;-o-background-size:cover;background-size:cover;padding: 0px 0px 0px 0px;\"><div class=\"fusion-clearfix\"><\/div><\/div><\/div><div class=\"fusion-layout-column fusion_builder_column_inner fusion-builder-nested-column-1 fusion_builder_column_inner_5_6 5_6 fusion-five-sixth fusion-column-last\" style=\"width:83.333333333333%;width:calc(83.333333333333% - ( ( 4% ) * 0.83333333333333 ) );margin-top:0px;margin-bottom:20px;\"><div class=\"fusion-column-wrapper fusion-flex-column-wrapper-legacy\" style=\"background-position:left top;background-repeat:no-repeat;-webkit-background-size:cover;-moz-background-size:cover;-o-background-size:cover;background-size:cover;padding: 0px 0px 0px 0px;\"><div class=\"fusion-text fusion-text-6 copyrightfooter\" style=\"transform:translate3d(0,0,0);\"><p>\u00ae 2026 | Xubio &#8211; Todos los derechos reservados<\/p>\n<\/div><div class=\"fusion-clearfix\"><\/div><\/div><\/div><\/div><div class=\"fusion-clearfix\"><\/div><\/div><\/div><div class=\"fusion-layout-column fusion_builder_column fusion-builder-column-12 fusion_builder_column_1_3 1_3 fusion-one-third fusion-column-last\" style=\"width:33.333333333333%;width:calc(33.333333333333% - ( ( 4% ) * 0.33333333333333 ) );margin-top:0px;margin-bottom:20px;\"><div class=\"fusion-column-wrapper fusion-flex-column-wrapper-legacy\" style=\"background-position:left top;background-repeat:no-repeat;-webkit-background-size:cover;-moz-background-size:cover;-o-background-size:cover;background-size:cover;padding: 0px 0px 0px 0px;\"><div class=\"fusion-clearfix\"><\/div><\/div><\/div><\/div><\/div>\n\n<\/div><div class=\"fusion-clearfix\"><\/div><\/div><\/div><\/div><\/div><\/p>\n","protected":false},"excerpt":{"rendered":"","protected":false},"author":3,"featured_media":0,"parent":0,"menu_order":1,"comment_status":"closed","ping_status":"closed","template":"100-width.php","meta":{"footnotes":""},"class_list":["post-1160","page","type-page","status-publish","hentry"],"yoast_head":"<!-- This site is optimized with the Yoast SEO plugin v24.9 - https:\/\/yoast.com\/wordpress\/plugins\/seo\/ -->\n<title>Empresas - Xubio Capacitaci\u00f3n<\/title>\n<meta name=\"robots\" content=\"index, follow, max-snippet:-1, max-image-preview:large, max-video-preview:-1\" \/>\n<link rel=\"canonical\" href=\"https:\/\/elearning.xubio.com\/mx\/\" \/>\n<meta property=\"og:locale\" content=\"es_MX\" \/>\n<meta property=\"og:type\" content=\"article\" \/>\n<meta property=\"og:title\" content=\"Empresas - Xubio Capacitaci\u00f3n\" \/>\n<meta property=\"og:url\" content=\"https:\/\/elearning.xubio.com\/mx\/\" \/>\n<meta property=\"og:site_name\" content=\"Xubio Capacitaci\u00f3n\" \/>\n<meta property=\"article:modified_time\" content=\"2024-02-01T18:54:00+00:00\" \/>\n<meta name=\"twitter:card\" content=\"summary_large_image\" \/>\n<meta name=\"twitter:label1\" content=\"Tiempo de lectura\" \/>\n\t<meta name=\"twitter:data1\" content=\"10 minutos\" \/>\n<script type=\"application\/ld+json\" class=\"yoast-schema-graph\">{\"@context\":\"https:\/\/schema.org\",\"@graph\":[{\"@type\":\"WebPage\",\"@id\":\"https:\/\/elearning.xubio.com\/mx\/\",\"url\":\"https:\/\/elearning.xubio.com\/mx\/\",\"name\":\"Empresas - Xubio Capacitaci\u00f3n\",\"isPartOf\":{\"@id\":\"https:\/\/elearning.xubio.com\/mx\/#website\"},\"datePublished\":\"2019-08-14T19:29:43+00:00\",\"dateModified\":\"2024-02-01T18:54:00+00:00\",\"breadcrumb\":{\"@id\":\"https:\/\/elearning.xubio.com\/mx\/#breadcrumb\"},\"inLanguage\":\"es\",\"potentialAction\":[{\"@type\":\"ReadAction\",\"target\":[\"https:\/\/elearning.xubio.com\/mx\/\"]}]},{\"@type\":\"BreadcrumbList\",\"@id\":\"https:\/\/elearning.xubio.com\/mx\/#breadcrumb\",\"itemListElement\":[{\"@type\":\"ListItem\",\"position\":1,\"name\":\"Portada\",\"item\":\"https:\/\/elearning.xubio.com\/mx\/\"},{\"@type\":\"ListItem\",\"position\":2,\"name\":\"Empresas\"}]},{\"@type\":\"WebSite\",\"@id\":\"https:\/\/elearning.xubio.com\/mx\/#website\",\"url\":\"https:\/\/elearning.xubio.com\/mx\/\",\"name\":\"Xubio Capacitaci\u00f3n\",\"description\":\"Aprenda a usar Xubio, f\u00e1cil y r\u00e1pido\",\"publisher\":{\"@id\":\"https:\/\/elearning.xubio.com\/mx\/#organization\"},\"potentialAction\":[{\"@type\":\"SearchAction\",\"target\":{\"@type\":\"EntryPoint\",\"urlTemplate\":\"https:\/\/elearning.xubio.com\/mx\/?s={search_term_string}\"},\"query-input\":{\"@type\":\"PropertyValueSpecification\",\"valueRequired\":true,\"valueName\":\"search_term_string\"}}],\"inLanguage\":\"es\"},{\"@type\":\"Organization\",\"@id\":\"https:\/\/elearning.xubio.com\/mx\/#organization\",\"name\":\"Xubio\",\"url\":\"https:\/\/elearning.xubio.com\/mx\/\",\"logo\":{\"@type\":\"ImageObject\",\"inLanguage\":\"es\",\"@id\":\"https:\/\/elearning.xubio.com\/mx\/#\/schema\/logo\/image\/\",\"url\":\"https:\/\/elearning.xubio.com\/wp-content\/uploads\/2019\/09\/favicon_xubio_144x144.jpg\",\"contentUrl\":\"https:\/\/elearning.xubio.com\/wp-content\/uploads\/2019\/09\/favicon_xubio_144x144.jpg\",\"width\":144,\"height\":144,\"caption\":\"Xubio\"},\"image\":{\"@id\":\"https:\/\/elearning.xubio.com\/mx\/#\/schema\/logo\/image\/\"}}]}<\/script>\n<!-- \/ Yoast SEO plugin. -->","yoast_head_json":{"title":"Empresas - Xubio Capacitaci\u00f3n","robots":{"index":"index","follow":"follow","max-snippet":"max-snippet:-1","max-image-preview":"max-image-preview:large","max-video-preview":"max-video-preview:-1"},"canonical":"https:\/\/elearning.xubio.com\/mx\/","og_locale":"es_MX","og_type":"article","og_title":"Empresas - Xubio Capacitaci\u00f3n","og_url":"https:\/\/elearning.xubio.com\/mx\/","og_site_name":"Xubio Capacitaci\u00f3n","article_modified_time":"2024-02-01T18:54:00+00:00","twitter_card":"summary_large_image","twitter_misc":{"Tiempo de lectura":"10 minutos"},"schema":{"@context":"https:\/\/schema.org","@graph":[{"@type":"WebPage","@id":"https:\/\/elearning.xubio.com\/mx\/","url":"https:\/\/elearning.xubio.com\/mx\/","name":"Empresas - Xubio Capacitaci\u00f3n","isPartOf":{"@id":"https:\/\/elearning.xubio.com\/mx\/#website"},"datePublished":"2019-08-14T19:29:43+00:00","dateModified":"2024-02-01T18:54:00+00:00","breadcrumb":{"@id":"https:\/\/elearning.xubio.com\/mx\/#breadcrumb"},"inLanguage":"es","potentialAction":[{"@type":"ReadAction","target":["https:\/\/elearning.xubio.com\/mx\/"]}]},{"@type":"BreadcrumbList","@id":"https:\/\/elearning.xubio.com\/mx\/#breadcrumb","itemListElement":[{"@type":"ListItem","position":1,"name":"Portada","item":"https:\/\/elearning.xubio.com\/mx\/"},{"@type":"ListItem","position":2,"name":"Empresas"}]},{"@type":"WebSite","@id":"https:\/\/elearning.xubio.com\/mx\/#website","url":"https:\/\/elearning.xubio.com\/mx\/","name":"Xubio Capacitaci\u00f3n","description":"Aprenda a usar Xubio, f\u00e1cil y r\u00e1pido","publisher":{"@id":"https:\/\/elearning.xubio.com\/mx\/#organization"},"potentialAction":[{"@type":"SearchAction","target":{"@type":"EntryPoint","urlTemplate":"https:\/\/elearning.xubio.com\/mx\/?s={search_term_string}"},"query-input":{"@type":"PropertyValueSpecification","valueRequired":true,"valueName":"search_term_string"}}],"inLanguage":"es"},{"@type":"Organization","@id":"https:\/\/elearning.xubio.com\/mx\/#organization","name":"Xubio","url":"https:\/\/elearning.xubio.com\/mx\/","logo":{"@type":"ImageObject","inLanguage":"es","@id":"https:\/\/elearning.xubio.com\/mx\/#\/schema\/logo\/image\/","url":"https:\/\/elearning.xubio.com\/wp-content\/uploads\/2019\/09\/favicon_xubio_144x144.jpg","contentUrl":"https:\/\/elearning.xubio.com\/wp-content\/uploads\/2019\/09\/favicon_xubio_144x144.jpg","width":144,"height":144,"caption":"Xubio"},"image":{"@id":"https:\/\/elearning.xubio.com\/mx\/#\/schema\/logo\/image\/"}}]}},"_links":{"self":[{"href":"https:\/\/elearning.xubio.com\/mx\/wp-json\/wp\/v2\/pages\/1160","targetHints":{"allow":["GET"]}}],"collection":[{"href":"https:\/\/elearning.xubio.com\/mx\/wp-json\/wp\/v2\/pages"}],"about":[{"href":"https:\/\/elearning.xubio.com\/mx\/wp-json\/wp\/v2\/types\/page"}],"author":[{"embeddable":true,"href":"https:\/\/elearning.xubio.com\/mx\/wp-json\/wp\/v2\/users\/3"}],"replies":[{"embeddable":true,"href":"https:\/\/elearning.xubio.com\/mx\/wp-json\/wp\/v2\/comments?post=1160"}],"version-history":[{"count":48,"href":"https:\/\/elearning.xubio.com\/mx\/wp-json\/wp\/v2\/pages\/1160\/revisions"}],"predecessor-version":[{"id":2043,"href":"https:\/\/elearning.xubio.com\/mx\/wp-json\/wp\/v2\/pages\/1160\/revisions\/2043"}],"wp:attachment":[{"href":"https:\/\/elearning.xubio.com\/mx\/wp-json\/wp\/v2\/media?parent=1160"}],"curies":[{"name":"wp","href":"https:\/\/api.w.org\/{rel}","templated":true}]}}